{"id":8546,"date":"2025-12-01T21:36:59","date_gmt":"2025-12-01T18:36:59","guid":{"rendered":"https:\/\/klasikdusunceokulu.com\/?page_id=8546"},"modified":"2025-12-01T21:36:59","modified_gmt":"2025-12-01T18:36:59","slug":"murteza-bedir-es-safii-er-risale-6-seminer-ozeti","status":"publish","type":"page","link":"https:\/\/klasikdusunceokulu.com\/index.php\/murteza-bedir-es-safii-er-risale-6-seminer-ozeti\/","title":{"rendered":"MURTEZA BED\u0130R, E\u015e-\u015e\u00c2F\u0130\u00ce, ER-R\u0130S\u00c2LE 6. SEM\u0130NER \u00d6ZET\u0130"},"content":{"rendered":"<p><strong>MURTEZA BED\u0130R, E\u015e-\u015e\u00c2F\u0130\u00ce, ER-R\u0130S\u00c2LE 6. SEM\u0130NER \u00d6ZET\u0130<\/strong><\/p>\n<p><strong>Dersin amac\u0131<\/strong><\/p>\n<p>Bu ders, \u015e\u00e2fi\u00ee\u2019nin <em>er-Ris\u00e2le<\/em>de beyan teorisini tamamlad\u0131ktan sonra \u201cilim\u201d kavram\u0131n\u0131 merkeze alarak i\u00e7tihad\u0131 nas\u0131l temellendirdi\u011fini, k\u0131yas\u0131n i\u00e7tihatla neden \u00f6zde\u015f kabul edildi\u011fini ve istihsan\u2013maslahat gibi y\u00f6ntemleri neden reddetti\u011fini a\u00e7\u0131klamay\u0131 ama\u00e7lar. Ayr\u0131ca klasik us\u00fbl eserleri ile <em>er-Ris\u00e2le<\/em> aras\u0131ndaki i\u00e7erik fark\u0131n\u0131n sebepleri ve beyan\u2013ilim ili\u015fkisinin metodolojik \u00e7er\u00e7evesi ele al\u0131n\u0131r.<\/p>\n<p><strong>Ana temalar<\/strong><\/p>\n<ol>\n<li><strong> Risale\u2019nin i\u00e7eri\u011fi ve sonraki us\u00fbl eserleriyle fark\u0131<\/strong><\/li>\n<\/ol>\n<p>\u015e\u00e2fi\u00ee\u2019nin kitab\u0131n\u0131n yakla\u015f\u0131k be\u015fte d\u00f6rd\u00fc Kur\u2019an, s\u00fcnnet ve s\u00fcnnetin iki t\u00fcr\u00fcn\u00fcn (topluluk aktar\u0131m\u0131 ve bireysel aktar\u0131m) konumunu a\u00e7\u0131klamaya ayr\u0131lm\u0131\u015ft\u0131r. Bu yo\u011funluk, sonraki klasik us\u00fbl kitaplar\u0131na k\u0131yasla belirgin bi\u00e7imde farkl\u0131d\u0131r; \u00e7\u00fcnk\u00fc sonraki eserlerde konular \u00e7ok daha \u00e7e\u015fitlenmi\u015f ve geni\u015flemi\u015ftir. Bu fark, baz\u0131 \u00e7a\u011fda\u015f ara\u015ft\u0131rmac\u0131lar\u0131n <em>er-Ris\u00e2le<\/em>yi tam bir us\u00fbl kitab\u0131 de\u011fil, Kur\u2019an\u2013s\u00fcnnet ili\u015fkisinin teorik temellendirilmesi olarak g\u00f6rmelerine yol a\u00e7m\u0131\u015ft\u0131r.<\/p>\n<ol start=\"2\">\n<li><strong> Beyan\u0131n ilim kavram\u0131yla ili\u015fkisi<\/strong><\/li>\n<\/ol>\n<p>\u015e\u00e2fi\u00ee\u2019ye g\u00f6re d\u00f6rt beyan t\u00fcr\u00fcn\u00fcn tamam\u0131 \u201cilim\u201d ile ilgilidir; ilim ise insana verilmi\u015f bilgidir. Kur\u2019an a\u00e7\u0131k ilmin en \u00fcst d\u00fczeyidir; s\u00fcnnet de peygambere risalet kapsam\u0131nda verilen bilgi oldu\u011fu i\u00e7in ilimdir. Kur\u2019an\u2019\u0131n kapal\u0131 b\u0131rakt\u0131\u011f\u0131 noktalar\u0131n s\u00fcnnet taraf\u0131ndan a\u00e7\u0131klanmas\u0131 da ilme dahildir. B\u00f6ylece b\u00fct\u00fcn beyan kategorileri, verili bilgiyi esas alan tek bir ilim \u00e7er\u00e7evesi olu\u015fturur.<\/p>\n<ol start=\"3\">\n<li><strong> \u0130\u00e7tihad\u0131n ilme dayal\u0131 bir beyan olarak konumland\u0131r\u0131lmas\u0131<\/strong><\/li>\n<\/ol>\n<p>\u015e\u00e2fi\u00ee i\u00e7tihad\u0131 \u201ck\u0131yas\u201d ile \u00f6zde\u015fle\u015ftirir ve \u201ci\u00e7tihat = k\u0131yas\u201d ilkesini s\u00fcrekli tekrar eder. Bunun nedeni, h\u00fckm\u00fcn ki\u015fisel kanaate de\u011fil, ilme dayand\u0131r\u0131lmas\u0131 zorunlulu\u011fudur. \u0130\u00e7tihat bireysel \u00e7aba olsa da, verili olan bir nass\u0131n \u201cmana\u201ds\u0131n\u0131 geni\u015fletir; bu nedenle i\u00e7tihat ancak k\u0131yas yoluyla ilme ba\u011fland\u0131\u011f\u0131nda me\u015fru h\u00e2le gelir. Bu yakla\u015f\u0131m, i\u00e7tihad\u0131n keyf\u00ee akl\u00ee \u00e7\u0131kar\u0131ma d\u00f6n\u00fc\u015fmesini engeller.<\/p>\n<ol start=\"4\">\n<li><strong> K\u0131yas\u0131n anlam\u0131, y\u00f6ntemi ve zorunlulu\u011fu<\/strong><\/li>\n<\/ol>\n<p>K\u0131yas yaln\u0131zca benzetme de\u011fildir; ortak mahiyeti ve ay\u0131rt edici vasf\u0131 tespit ederek yeni bir meselede mevcut h\u00fckm\u00fc uygulama tekni\u011fidir. \u015e\u00e2fi\u00ee, mant\u0131ktaki k\u0131yas gibi zorunlu sonu\u00e7 veren bir ili\u015fki kurmaya \u00e7al\u0131\u015fmaz; fakat nassta verili olan bir h\u00fckm\u00fcn \u201cmana\u201ds\u0131n\u0131 yeni olaylara ta\u015f\u0131may\u0131 ama\u00e7lar. \u015earap \u00f6rne\u011finde oldu\u011fu gibi, yasaklanan \u015feyin \u201csarho\u015f edicilik\u201d vasf\u0131 tespit edilince bu vasf\u0131 ta\u015f\u0131yan b\u00fct\u00fcn i\u00e7kiler ayn\u0131 h\u00fckme dahil edilir. Bu y\u00f6ntem \u0130slam hukukunun geni\u015fleyen hayat kar\u015f\u0131s\u0131nda \u00e7\u00f6z\u00fcmler \u00fcretebilmesini sa\u011flar.<\/p>\n<ol start=\"5\">\n<li><strong> \u0130\u00e7tihad\u0131n Kur\u2019an\u2013s\u00fcnnet sonras\u0131 zorunlu hale geli\u015fi<\/strong><\/li>\n<\/ol>\n<p>\u015e\u00e2fi\u00ee\u2019ye g\u00f6re vahyin kapanmas\u0131yla birlikte naslar\u0131n alan\u0131 sabitlenmi\u015f, buna kar\u015f\u0131l\u0131k insanlar k\u0131yamete kadar s\u0131n\u0131rs\u0131z olayla kar\u015f\u0131la\u015facakt\u0131r. Bu nedenle sabit olan vahiy alan\u0131n\u0131n anlam\u0131 geni\u015fletilmeli ve naslar\u0131n kapsam\u0131na sokulmal\u0131d\u0131r. \u0130\u00e7tihat tam olarak bu i\u015flevi g\u00f6r\u00fcr: s\u0131n\u0131rl\u0131 verili bilgi alan\u0131ndan s\u0131n\u0131rs\u0131z yeni meselelere h\u00fck\u00fcm \u00e7\u0131karma imk\u00e2n\u0131 sa\u011flar.<\/p>\n<ol start=\"6\">\n<li><strong> K\u0131yas\u0131n ilme ba\u011flanmas\u0131 ve di\u011fer y\u00f6ntemlerin reddi<\/strong><\/li>\n<\/ol>\n<p>\u015e\u00e2fi\u00ee\u2019nin temel kayg\u0131s\u0131, h\u00fck\u00fcmlerin \u201cverili bilgi\u201dye dayanmadan s\u0131rf ak\u0131lla \u00fcretilmesini engellemektir. \u0130stihsan ve maslahat gibi y\u00f6ntemler, insana \u201ciyi\u2013g\u00fczel\u2013faydal\u0131\u201d kavramlar\u0131 \u00fczerinden serbest bir h\u00fck\u00fcm alan\u0131 a\u00e7t\u0131\u011f\u0131 i\u00e7in ilme dayal\u0131 de\u011fildir. Bu nedenle \u015e\u00e2fi\u00ee \u201cMen istahsene fe-kad \u015ferra\u2018a \u2014 Kim istihsan yaparsa kendisini \u015feriat koyucu yerine koymu\u015f olur\u201d diyerek istihsan\u0131 b\u00fct\u00fcn\u00fcyle reddeder. Ona g\u00f6re h\u00fckm\u00fcn ilme dayanmad\u0131\u011f\u0131 yerde din, akl\u0131n keyf\u00ee yorumlar\u0131na teslim edilmi\u015f olur.<\/p>\n<ol start=\"7\">\n<li><strong> \u015e\u00e2fi\u00ee sonras\u0131 geli\u015fmeler ve k\u0131yas\u0131n geni\u015fletilmesi<\/strong><\/li>\n<\/ol>\n<p>Her ne kadar \u015e\u00e2fi\u00ee k\u0131yas d\u0131\u015f\u0131ndaki y\u00f6ntemleri kabul etmese de sonraki us\u00fblc\u00fcler k\u0131yas\u0131 geni\u015fletmi\u015f, istidlal, maslahat, \u00f6rf ve istihsan gibi kavramlara da ilimle ba\u011flant\u0131 kurarak yer a\u00e7m\u0131\u015flard\u0131r. Bu geli\u015fme, tarihsel olarak k\u0131yas\u0131n baz\u0131 alanlarda yetersiz kalmas\u0131 ve yeni yorum ara\u00e7lar\u0131na ihtiya\u00e7 duyulmas\u0131yla ili\u015fkilidir. B\u00f6ylece \u015e\u00e2fi\u00ee\u2019nin ilme dayand\u0131rd\u0131\u011f\u0131 metodolojik ilkeler korunmu\u015f, fakat delil \u00e7e\u015fitlili\u011fi artm\u0131\u015ft\u0131r.<\/p>\n<p><strong>Sonu\u00e7<\/strong><\/p>\n<p>Bu ders, \u015e\u00e2fi\u00ee\u2019nin ilim kavram\u0131 \u00fczerinden b\u00fct\u00fcn beyan t\u00fcrlerini birle\u015ftirdi\u011fini ve i\u00e7tihad\u0131 k\u0131yasa indirgeme yoluyla s\u0131n\u0131rland\u0131rarak \u015fer\u2018\u00ee h\u00fckm\u00fcn verili bilgiye dayanmas\u0131 \u015fart\u0131n\u0131 korudu\u011funu g\u00f6sterir. \u015e\u00e2fi\u00ee i\u00e7in temel mesele, h\u00fckm\u00fcn kayna\u011f\u0131n\u0131 akl\u0131n estetik tercihlerinden de\u011fil, vahyin verdi\u011fi bilgiden t\u00fcretmektir. Bu yakla\u015f\u0131m, \u0130slam hukuk metodolojisinin en \u00f6nemli yap\u0131 ta\u015flar\u0131ndan biri olmu\u015f; sonraki \u00e2limler ise bu \u00e7er\u00e7eveyi geni\u015fleterek us\u00fbl\u00fc daha kapsay\u0131c\u0131 h\u00e2le getirmi\u015flerdir.<\/p>\n<p>&nbsp;<\/p>\n<p><strong>Purpose of the Lesson<\/strong><\/p>\n<p>This lesson aims to explain how al-Sh\u0101fi\u02bf\u012b completes his theory of <em>bay\u0101n<\/em> by grounding all legal reasoning in the concept of \u201cknowledge\u201d (<em>\u02bfilm<\/em>), how he equates ijtih\u0101d with qiy\u0101s, and why he rejects methods such as isti\u1e25s\u0101n and ma\u1e63la\u1e25a. It also clarifies the structural difference between <em>al-Ris\u0101la<\/em> and later us\u016bl works, as well as the logic behind connecting revelation and legal reasoning.<\/p>\n<p><strong>Main Themes<\/strong><\/p>\n<ol>\n<li><strong> The content of al-Ris\u0101la and its difference from later us\u016bl literature<\/strong><\/li>\n<\/ol>\n<p>Most of <em>al-Ris\u0101la<\/em> is devoted to explaining the authority of the Qur\u2019an, the Sunnah, and the two modes of transmission. Later us\u016bl works, however, include many additional topics. This shift has led some modern scholars to argue that <em>al-Ris\u0101la<\/em> is not a full us\u016bl book but primarily a treatise on the authority of Sunnah.<\/p>\n<ol start=\"2\">\n<li><strong> The relationship between bay\u0101n and knowledge<\/strong><\/li>\n<\/ol>\n<p>All types of bay\u0101n correspond to forms of knowledge, and knowledge is something \u201cgiven\u201d to human beings. The Qur\u2019an represents the highest form of revealed knowledge; the Sunnah is also revealed within the scope of prophethood. Thus, all valid legal declarations must be rooted in this divinely granted knowledge.<\/p>\n<ol start=\"3\">\n<li><strong> Ijtih\u0101d as a knowledge-based declaration<\/strong><\/li>\n<\/ol>\n<p>Al-Sh\u0101fi\u02bf\u012b equates ijtih\u0101d with qiy\u0101s to ensure that legal rulings remain tied to revealed knowledge rather than personal reasoning. Ijtih\u0101d extends the meaning of the texts; therefore, it is legitimate only when it can be linked to a revealed source through qiy\u0101s.<\/p>\n<ol start=\"4\">\n<li><strong> The meaning, method, and necessity of qiy\u0101s<\/strong><\/li>\n<\/ol>\n<p>Qiy\u0101s is not simple analogy; it identifies the essential attribute shared by two cases. Once the operative cause is found (such as intoxicating effect), new cases can be connected to revealed rulings. This allows the finite set of textual rulings to address an infinite number of future problems.<\/p>\n<ol start=\"5\">\n<li><strong> The necessity of ijtih\u0101d after the end of revelation<\/strong><\/li>\n<\/ol>\n<p>Revelation is limited and closed, while human experiences continue endlessly. For the Sharia to guide all actions until the Day of Judgment, the meaning of the revealed texts must be extended through ijtih\u0101d. This is the core function of qiy\u0101s.<\/p>\n<ol start=\"6\">\n<li><strong> The linkage between qiy\u0101s and knowledge, and the rejection of alternative methods<\/strong><\/li>\n<\/ol>\n<p>Al-Sh\u0101fi\u02bf\u012b rejects isti\u1e25s\u0101n and ma\u1e63la\u1e25a because they rely on human judgment (\u201cgood,\u201d \u201cuseful,\u201d \u201charmful\u201d) rather than revealed knowledge. Such reasoning, he argues, leads to humans becoming legislators. Only qiy\u0101s ensures that legal rulings remain grounded in the established corpus of knowledge.<\/p>\n<ol start=\"7\">\n<li><strong> Developments after al-Sh\u0101fi<\/strong><strong>\u02bf<\/strong><strong>\u012b<\/strong><\/li>\n<\/ol>\n<p>Later scholars broadened the scope of legal reasoning and introduced additional evidences such as custom and public interest, while still seeking to anchor these in some form of knowledge. Thus al-Sh\u0101fi\u02bf\u012b\u2019s framework became the foundation upon which later us\u016bl theory expanded.<\/p>\n<p><strong>Conclusion<\/strong><\/p>\n<p>This lesson shows how al-Sh\u0101fi\u02bf\u012b integrates all forms of legal reasoning into a unified epistemological structure centered on knowledge and ensures that ijtih\u0101d is never detached from revelation. His insistence on linking every ruling to a given source shaped the trajectory of Islamic legal theory, even as later scholars built upon and expanded his framework.<\/p>\n<p>&nbsp;<\/p>\n","protected":false},"excerpt":{"rendered":"<p>MURTEZA BED\u0130R, E\u015e-\u015e\u00c2F\u0130\u00ce, ER-R\u0130S\u00c2LE 6. SEM\u0130NER \u00d6ZET\u0130 Dersin amac\u0131 Bu [&hellip;]<\/p>\n","protected":false},"author":1,"featured_media":0,"parent":0,"menu_order":0,"comment_status":"closed","ping_status":"closed","template":"","meta":{"footnotes":""},"class_list":["post-8546","page","type-page","status-publish","hentry"],"jetpack_sharing_enabled":true,"_links":{"self":[{"href":"https:\/\/klasikdusunceokulu.com\/index.php\/wp-json\/wp\/v2\/pages\/8546","targetHints":{"allow":["GET"]}}],"collection":[{"href":"https:\/\/klasikdusunceokulu.com\/index.php\/wp-json\/wp\/v2\/pages"}],"about":[{"href":"https:\/\/klasikdusunceokulu.com\/index.php\/wp-json\/wp\/v2\/types\/page"}],"author":[{"embeddable":true,"href":"https:\/\/klasikdusunceokulu.com\/index.php\/wp-json\/wp\/v2\/users\/1"}],"replies":[{"embeddable":true,"href":"https:\/\/klasikdusunceokulu.com\/index.php\/wp-json\/wp\/v2\/comments?post=8546"}],"version-history":[{"count":1,"href":"https:\/\/klasikdusunceokulu.com\/index.php\/wp-json\/wp\/v2\/pages\/8546\/revisions"}],"predecessor-version":[{"id":8547,"href":"https:\/\/klasikdusunceokulu.com\/index.php\/wp-json\/wp\/v2\/pages\/8546\/revisions\/8547"}],"wp:attachment":[{"href":"https:\/\/klasikdusunceokulu.com\/index.php\/wp-json\/wp\/v2\/media?parent=8546"}],"curies":[{"name":"wp","href":"https:\/\/api.w.org\/{rel}","templated":true}]}}