{"id":8549,"date":"2025-12-01T21:42:45","date_gmt":"2025-12-01T18:42:45","guid":{"rendered":"https:\/\/klasikdusunceokulu.com\/?page_id=8549"},"modified":"2025-12-01T21:42:45","modified_gmt":"2025-12-01T18:42:45","slug":"hacer-yetkin-es-safii-er-risale","status":"publish","type":"page","link":"https:\/\/klasikdusunceokulu.com\/index.php\/hacer-yetkin-es-safii-er-risale\/","title":{"rendered":"HACER YETK\u0130N, E\u015e-\u015e\u00c2F\u0130\u00ce, ER-R\u0130S\u00c2LE"},"content":{"rendered":"<p><a href=\"https:\/\/klasikdusunceokulu.com\/index.php\/hacer-yetkin-es-safii-er-risale-1-seminer-ozeti\/\"><span style=\"color: #3b5160;\"><strong>HACER YETK\u0130N, E\u015e-\u015e\u00c2F\u0130\u00ce, ER-R\u0130S\u00c2LE 1. SEM\u0130NER \u00d6ZET\u0130<\/strong><\/span><\/a><\/p>\n<p><a href=\"https:\/\/klasikdusunceokulu.com\/index.php\/hacer-yetkin-es-safii-er-risale-2-seminer-ozeti\/\"><span style=\"color: #3b5160;\"><strong>HACER YETK\u0130N, E\u015e-\u015e\u00c2F\u0130\u00ce, ER-R\u0130S\u00c2LE 2. SEM\u0130NER \u00d6ZET\u0130<\/strong><\/span><\/a><\/p>\n<p><a href=\"https:\/\/klasikdusunceokulu.com\/index.php\/hacer-yetkin-es-safii-er-risale-3-seminer-ozeti\/\"><span style=\"color: #3b5160;\"><strong>HACER YETK\u0130N, E\u015e-\u015e\u00c2F\u0130\u00ce, ER-R\u0130S\u00c2LE 3. SEM\u0130NER \u00d6ZET\u0130<\/strong><\/span><\/a><\/p>\n<p><a href=\"https:\/\/klasikdusunceokulu.com\/index.php\/hacer-yetkin-es-safii-er-risale-4-seminer-ozeti\/\"><span style=\"color: #3b5160;\"><strong>HACER YETK\u0130N, E\u015e-\u015e\u00c2F\u0130\u00ce, ER-R\u0130S\u00c2LE 4. SEM\u0130NER \u00d6ZET\u0130<\/strong><\/span><\/a><\/p>\n<p><a href=\"https:\/\/klasikdusunceokulu.com\/index.php\/hacer-yetkin-es-safii-er-risale-5-seminer-ozeti\/\"><span style=\"color: #3b5160;\"><strong>HACER YETK\u0130N, E\u015e-\u015e\u00c2F\u0130\u00ce, ER-R\u0130S\u00c2LE 5. SEM\u0130NER \u00d6ZET\u0130<\/strong><\/span><\/a><\/p>\n<p><a href=\"https:\/\/klasikdusunceokulu.com\/index.php\/hacer-yetkin-es-safii-er-risale-6-seminer-ozeti\/\"><span style=\"color: #3b5160;\"><strong>HACER YETK\u0130N, E\u015e-\u015e\u00c2F\u0130\u00ce, ER-R\u0130S\u00c2LE 6. SEM\u0130NER \u00d6ZET\u0130<\/strong><\/span><\/a><\/p>\n<p><a href=\"https:\/\/klasikdusunceokulu.com\/index.php\/hacer-yetkin-es-safii-er-risale-7-seminer-ozeti\/\"><span style=\"color: #3b5160;\"><strong>HACER YETK\u0130N, E\u015e-\u015e\u00c2F\u0130\u00ce, ER-R\u0130S\u00c2LE 7. SEM\u0130NER \u00d6ZET\u0130<\/strong><\/span><\/a><\/p>\n","protected":false},"excerpt":{"rendered":"<p>HACER YETK\u0130N, E\u015e-\u015e\u00c2F\u0130\u00ce, ER-R\u0130S\u00c2LE 1. SEM\u0130NER \u00d6ZET\u0130 HACER YETK\u0130N, E\u015e-\u015e\u00c2F\u0130\u00ce, [&hellip;]<\/p>\n","protected":false},"author":1,"featured_media":0,"parent":0,"menu_order":0,"comment_status":"closed","ping_status":"closed","template":"","meta":{"footnotes":""},"class_list":["post-8549","page","type-page","status-publish","hentry"],"jetpack_sharing_enabled":true,"_links":{"self":[{"href":"https:\/\/klasikdusunceokulu.com\/index.php\/wp-json\/wp\/v2\/pages\/8549","targetHints":{"allow":["GET"]}}],"collection":[{"href":"https:\/\/klasikdusunceokulu.com\/index.php\/wp-json\/wp\/v2\/pages"}],"about":[{"href":"https:\/\/klasikdusunceokulu.com\/index.php\/wp-json\/wp\/v2\/types\/page"}],"author":[{"embeddable":true,"href":"https:\/\/klasikdusunceokulu.com\/index.php\/wp-json\/wp\/v2\/users\/1"}],"replies":[{"embeddable":true,"href":"https:\/\/klasikdusunceokulu.com\/index.php\/wp-json\/wp\/v2\/comments?post=8549"}],"version-history":[{"count":1,"href":"https:\/\/klasikdusunceokulu.com\/index.php\/wp-json\/wp\/v2\/pages\/8549\/revisions"}],"predecessor-version":[{"id":8564,"href":"https:\/\/klasikdusunceokulu.com\/index.php\/wp-json\/wp\/v2\/pages\/8549\/revisions\/8564"}],"wp:attachment":[{"href":"https:\/\/klasikdusunceokulu.com\/index.php\/wp-json\/wp\/v2\/media?parent=8549"}],"curies":[{"name":"wp","href":"https:\/\/api.w.org\/{rel}","templated":true}]}}