{"id":8587,"date":"2025-12-01T21:56:04","date_gmt":"2025-12-01T18:56:04","guid":{"rendered":"https:\/\/klasikdusunceokulu.com\/?page_id=8587"},"modified":"2025-12-01T21:56:04","modified_gmt":"2025-12-01T18:56:04","slug":"abdurrahim-kozali-es-safii-er-risale-9-seminer-ozeti","status":"publish","type":"page","link":"https:\/\/klasikdusunceokulu.com\/index.php\/abdurrahim-kozali-es-safii-er-risale-9-seminer-ozeti\/","title":{"rendered":"ABDURRAH\u0130M KOZALI, E\u015e-\u015e\u00c2F\u0130\u00ce, ER-R\u0130S\u00c2LE 9. SEM\u0130NER \u00d6ZET\u0130"},"content":{"rendered":"<p><strong>ABDURRAH\u0130M KOZALI, E\u015e-\u015e\u00c2F\u0130\u00ce, ER-R\u0130S\u00c2LE 9. SEM\u0130NER \u00d6ZET\u0130<\/strong><\/p>\n<p><strong>Seminerin Amac\u0131<\/strong><\/p>\n<p>Bu seminerin amac\u0131, \u015e\u00e2fi\u00ee\u2019nin <em>er-Ris\u00e2le<\/em>\u2019de s\u00fcnneti temellendirirken kar\u015f\u0131la\u015ft\u0131\u011f\u0131 problemleri ele almak, haberi v\u00e2hidin epistemolojik niteli\u011fini a\u00e7\u0131klamak, rivayet farkl\u0131l\u0131klar\u0131n\u0131n nas\u0131l ortaya \u00e7\u0131kt\u0131\u011f\u0131n\u0131 g\u00f6stermek, sahabe d\u00f6nemindeki aktar\u0131m \u00e7e\u015fitlili\u011finin h\u00fck\u00fcm \u00e7\u0131karma s\u00fcre\u00e7lerine etkisini tespit etmek ve nihayet \u015e\u00e2fi\u00ee\u2019nin \u201c\u00fcmmetin b\u00fct\u00fcn\u00fcnde bilginin korunmas\u0131\u201d ilkesini nas\u0131l kulland\u0131\u011f\u0131n\u0131 a\u00e7\u0131klamakt\u0131r.<\/p>\n<p><strong>Ana Temalar<\/strong><\/p>\n<ol>\n<li><strong> \u015e\u00e2fi\u00ee\u2019nin Temel Kaynaklar Hiyerar\u015fisi<\/strong><\/li>\n<\/ol>\n<p>\u015e\u00e2fi\u00ee\u2019ye g\u00f6re dini bilgi d\u00f6rt kaynakla m\u00fcmk\u00fcnd\u00fcr: Kitap, s\u00fcnnet, icm\u00e2 ve k\u0131yas. Bu d\u00f6rt kayna\u011f\u0131n d\u0131\u015f\u0131na \u00e7\u0131kmak (\u00f6rne\u011fin Hicaz ehlinin amelini kaynak saymak veya istihsan\u0131 h\u00fck\u00fcm koyma y\u00f6ntemi yapmak) kabul edilemez. B\u00f6ylece h\u00fck\u00fcm \u00fcretme alan\u0131 s\u0131n\u0131rland\u0131r\u0131lm\u0131\u015f olur.<\/p>\n<ol start=\"2\">\n<li><strong> K\u0131yasta Rey\u2019in Konumu ve S\u0131n\u0131rland\u0131r\u0131lmas\u0131<\/strong><\/li>\n<\/ol>\n<p>\u015e\u00e2fi\u00ee rey\u2019i tamamen reddetmez; fakat onu k\u0131yasla s\u0131n\u0131rlar. Hanef\u00eelerin istihsan\u0131 veya M\u00e2lik\u00eelerin Medine amelini delil kabul etmesi bu nedenle reddedilir. Rey sadece illet tespiti ve k\u0131yas \u00e7er\u00e7evesinde me\u015frudur.<\/p>\n<ol start=\"3\">\n<li><strong> S\u00fcnnet Malzemesindeki Karma\u015f\u0131kl\u0131\u011f\u0131n Tespiti<\/strong><\/li>\n<\/ol>\n<p>Kur\u2019an ayetleri s\u0131n\u0131rl\u0131 ve sabittir; fakat s\u00fcnnet binlerce rivayetten olu\u015fur ve \u00e7o\u011fu mana ile nakledilmi\u015ftir. Bu nedenle \u015e\u00e2fi\u00ee, rivayetlerdeki ihtilaf\u0131, eksilmeyi, artmay\u0131, ba\u011flam farkl\u0131l\u0131\u011f\u0131n\u0131 ve nakil hatalar\u0131n\u0131 ayr\u0131nt\u0131l\u0131 \u015fekilde analiz eder. Bu karma\u015f\u0131kl\u0131k onun s\u00fcnnet teorisini olu\u015fturma sebebidir.<\/p>\n<ol start=\"4\">\n<li><strong> Haberi V\u00e2hidin Konumu ve Sorunlar\u0131<\/strong><\/li>\n<\/ol>\n<p>M\u00e2lik\u00eeler haberi v\u00e2hidi Medine amelinin filtresinden ge\u00e7irir; Hanef\u00eeler ise bir\u00e7ok ek \u015fart koyarak \u00e7o\u011funu reddeder. \u015e\u00e2fi\u00ee bu iki yakla\u015f\u0131m\u0131 da kabul etmez ve \u201chaber sahih senetle ula\u015fm\u0131\u015fsa h\u00fcccettir\u201d der. Ancak haberi v\u00e2hidin yap\u0131s\u0131 gere\u011fi zann\u00ee oldu\u011funu da \u00f6zellikle belirtir.<\/p>\n<ol start=\"5\">\n<li><strong> Rivayetlerde Eksilme, \u00d6zetleme ve Mana ile Aktar\u0131m Problemleri<\/strong><\/li>\n<\/ol>\n<p>Bir sahab\u00ee Hz. Peygamber\u2019in cevab\u0131n\u0131n tamam\u0131n\u0131 de\u011fil bir k\u0131sm\u0131n\u0131 duymu\u015f olabilir; ba\u015fka biri cevab\u0131 \u00f6zetlemi\u015f olabilir; baz\u0131 raviler a\u00e7\u0131klama eklemi\u015f olabilir. Bu nedenle ayn\u0131 hadisin farkl\u0131 versiyonlar\u0131 ortaya \u00e7\u0131kar ve bunlar \u00e7eli\u015fkili gibi g\u00f6r\u00fcnebilir.<\/p>\n<ol start=\"6\">\n<li><strong> Sahabe D\u00f6nemindeki Bilgi Da\u011f\u0131l\u0131m\u0131<\/strong><\/li>\n<\/ol>\n<p>Sahabenin bir k\u0131sm\u0131 bir olaya, di\u011fer k\u0131sm\u0131 ba\u015fka bir olaya \u015fahit olmu\u015f olabilir. Bir sahab\u00ee bir h\u00fckm\u00fcn ilk h\u00e2lini duyup neshedildi\u011fini duymam\u0131\u015f olabilir; bir di\u011feri ise sadece son h\u00e2le \u015fahit olmu\u015f olabilir. Bu durum rivayet \u00e7e\u015fitlili\u011fini a\u00e7\u0131klayan temel unsurdur.<\/p>\n<ol start=\"7\">\n<li><strong> S\u00fcnnetin B\u00fct\u00fcnl\u00fc\u011f\u00fcn\u00fcn \u00dcmmette Korundu\u011fu \u0130lkesi<\/strong><\/li>\n<\/ol>\n<p>Her bireyin veya her fakihin t\u00fcm s\u00fcnnete muttali olmas\u0131 m\u00fcmk\u00fcn de\u011fildir; fakat s\u00fcnnetin tamam\u0131 \u00fcmmetin b\u00fct\u00fcn\u00fcnde korunur. Bu nedenle herhangi bir konuda nihai do\u011fruya ula\u015fma imk\u00e2n\u0131 topluluk taraf\u0131ndan sa\u011flan\u0131r. Bu ilke, icm\u00e2 d\u00fc\u015f\u00fcncesinin de zeminidir.<\/p>\n<ol start=\"8\">\n<li><strong> \u00c7eli\u015fen Rivayetler ve Tercih Kriterleri<\/strong><\/li>\n<\/ol>\n<p>Bazen iki sahih rivayet birbiriyle \u00e7eli\u015fir; tarih bilinemedi\u011fi i\u00e7in nesh ili\u015fkisi tespit edilemeyebilir. Bu durumda fakihler tercih y\u00f6ntemlerine ba\u015fvurur. Ehli hadis a\u00e7\u0131s\u0131ndan problemli g\u00f6r\u00fcnen bu durum, us\u00fbl bilgisinin gereklili\u011fini ortaya koyar.<\/p>\n<ol start=\"9\">\n<li><strong> K\u0131yas\u0131n Tutarl\u0131 Olmay\u0131\u015f\u0131 Meselesi<\/strong><\/li>\n<\/ol>\n<p>Baz\u0131 rivayetlere k\u0131yas yap\u0131l\u0131r, baz\u0131lar\u0131na yap\u0131lmaz; bazen yap\u0131lan k\u0131yas ba\u015fka bir meselede terk edilir. D\u0131\u015far\u0131dan bak\u0131ld\u0131\u011f\u0131nda fakihin keyf\u00ee davrand\u0131\u011f\u0131 san\u0131labilir; fakat \u015e\u00e2fi\u00ee\u2019ye g\u00f6re bu, us\u00fbl \u00e7er\u00e7evesi bilinmedi\u011fi i\u00e7in b\u00f6yle g\u00f6r\u00fcn\u00fcr.<\/p>\n<ol start=\"10\">\n<li><strong> Sahabenin Rivayetleri Par\u00e7al\u0131 Aktarmas\u0131 ve Sonu\u00e7lar\u0131<\/strong><\/li>\n<\/ol>\n<p>Bir h\u00fckm\u00fcn ilk k\u0131sm\u0131n\u0131 duyan sahab\u00ee son k\u0131sm\u0131n\u0131 ka\u00e7\u0131rm\u0131\u015f olabilir; ba\u011flamdan kopuk nakiller h\u00fckm\u00fcn yanl\u0131\u015f anla\u015f\u0131lmas\u0131na yol a\u00e7abilir. Kurban etlerinin saklanmas\u0131 \u00f6rne\u011fi bu duruma i\u015faret eder.<\/p>\n<ol start=\"11\">\n<li><strong> Haberin Zann\u00ee Olu\u015fu ve Yorum Hatalar\u0131<\/strong><\/li>\n<\/ol>\n<p>Ahad haber hem sened hem mana a\u00e7\u0131s\u0131ndan hata ihtimali ta\u015f\u0131r; bu nedenle zann ifade eder. M\u00fc\u00e7tehid bazen yanl\u0131\u015f bilgiye dayanarak hata yapabilir; ancak bu kas\u0131ts\u0131z oldu\u011fu i\u00e7in sorumluluk do\u011furmaz.<\/p>\n<ol start=\"12\">\n<li><strong> Zar\u00fbr\u00e2t-\u0131 D\u00eeniyye ve \u00dcmmetin Yan\u0131lmamas\u0131<\/strong><\/li>\n<\/ol>\n<p>Din\u00ee hayat\u0131n temel ilkeleri (namaz\u0131n farziyeti, zinan\u0131n haraml\u0131\u011f\u0131 gibi) \u00fcmmet taraf\u0131ndan toplu \u015fekilde bilindi\u011fi i\u00e7in bu konularda ihtilaf olu\u015fmaz. Mezhepler aras\u0131ndaki ihtilaflar ise tali konulardad\u0131r ve zann\u00ee bilginin do\u011fas\u0131 gere\u011fidir.<\/p>\n<ol start=\"13\">\n<li><strong> S\u00fcnnet\u2013Kur\u2019an \u0130li\u015fkisine Dair \u0130lkeler ve Tahsis<\/strong><\/li>\n<\/ol>\n<p>H\u0131rs\u0131zl\u0131k cezas\u0131 \u00f6rne\u011finde g\u00f6r\u00fcld\u00fc\u011f\u00fc gibi s\u00fcnnet, Kur\u2019an\u2019da b\u0131rak\u0131lan umum\u00ee alanlar\u0131 daraltabilir. Bu durum \u00e7eli\u015fki de\u011fildir; \u00e7\u00fcnk\u00fc umum\u2013husus ili\u015fkisi i\u00e7inde a\u00e7\u0131klan\u0131r. Ayn\u0131 ilke evlilik yasaklar\u0131nda da ge\u00e7erlidir.<\/p>\n<ol start=\"14\">\n<li><strong> Mest \u00dczerine Mesh ve \u0130lk D\u00f6nem Teredd\u00fctleri<\/strong><\/li>\n<\/ol>\n<p>Abdest ayetinde mest \u00fczerine meshten bahsedilmez; fakat s\u00fcnnet bu ruhsat\u0131 getirir. \u0130lk d\u00f6nemlerde bu t\u00fcr s\u00fcnnet uygulamalar\u0131n\u0131n nas\u0131l anla\u015f\u0131lmas\u0131 gerekti\u011fi tart\u0131\u015fmal\u0131yd\u0131; \u015e\u00e2fi\u00ee\u2019nin teorisi bu sorunlar\u0131 a\u00e7\u0131klamak i\u00e7in geli\u015ftirilmi\u015ftir.<\/p>\n<p><strong>Sonu\u00e7<\/strong><\/p>\n<p>Bu seminer, s\u00fcnnet malzemesindeki g\u00f6r\u00fcn\u00fcr da\u011f\u0131n\u0131kl\u0131\u011f\u0131n asl\u0131nda aktar\u0131m \u00e7e\u015fitlili\u011finden kaynakland\u0131\u011f\u0131n\u0131; rivayetlerdeki farklar\u0131n ba\u011flam, \u00f6zetleme, unutma ve mana ile nakil sebepleriyle a\u00e7\u0131klanabilece\u011fini; haberi v\u00e2hidin zann\u00ee yap\u0131s\u0131n\u0131n us\u00fbl\u00ee ilkelerle dengelendi\u011fini; \u015e\u00e2fi\u00ee\u2019nin s\u00fcnneti koruyan yap\u0131n\u0131n bireylerde de\u011fil \u00fcmmetin b\u00fct\u00fcn\u00fcnde bulundu\u011funu savundu\u011funu; icm\u00e2 ve beyan teorisinin de bu ilkeye dayand\u0131\u011f\u0131n\u0131 g\u00f6stermi\u015ftir.<\/p>\n<p>&nbsp;<\/p>\n<p><strong>Purpose of the Seminar<\/strong><\/p>\n<p>The purpose of this seminar is to examine the problems Sh\u0101fi\u02bf\u012b faced while grounding the Sunnah in <em>al-Ris\u0101lah<\/em>, to explain the epistemological nature of solitary reports, to show how variations in transmissions emerge, to identify the effects of diversity in the Companions\u2019 reports on legal reasoning, and finally to explain how Sh\u0101fi\u02bf\u012b uses the principle that \u201cthe full knowledge of the Sunnah is preserved within the entire community.\u201d<\/p>\n<p><strong>Main Themes<\/strong><\/p>\n<ol>\n<li><strong> Sh\u0101fi<\/strong><strong>\u02bf<\/strong><strong>\u012b\u2019s Hierarchy of Primary Sources<\/strong><\/li>\n<\/ol>\n<p>According to Sh\u0101fi\u02bf\u012b, religious knowledge depends on four sources: the Qur\u2019an, the Sunnah, consensus, and analogy. Accepting additional sources\u2014such as the practice of the people of Medina or juridical preference\u2014is not permissible.<\/p>\n<ol start=\"2\">\n<li><strong> The Position and Limitation of Reasoning Within Analogy<\/strong><\/li>\n<\/ol>\n<p>Sh\u0101fi\u02bf\u012b does not reject reasoning completely; he restricts it to analogy. Methods such as isti\u1e25s\u0101n or local practice are rejected.<\/p>\n<ol start=\"3\">\n<li><strong> Identifying the Complexity Within the Sunnah Material<\/strong><\/li>\n<\/ol>\n<p>Unlike the limited and fixed Qur\u2019anic text, the Sunnah consists of thousands of reports, many narrated by meaning. This diversity and inconsistency compelled Sh\u0101fi\u02bf\u012b to formulate a systematic Sunnah theory.<\/p>\n<ol start=\"4\">\n<li><strong> The Status and Problems of Solitary Reports<\/strong><\/li>\n<\/ol>\n<p>M\u0101lik\u012bs filter solitary reports through the practice of Medina; \u1e24anaf\u012bs apply several conditions and reject many. Sh\u0101fi\u02bf\u012b rejects both approaches and maintains that a report with an authentic chain is authoritative\u2014while still emphasizing its probabilistic nature.<\/p>\n<ol start=\"5\">\n<li><strong> Problems of Omission, Summarization, and Transmission by Meaning<\/strong><\/li>\n<\/ol>\n<p>A Companion may hear only part of the Prophet\u2019s answer; another may summarize or rephrase it; some transmitters may add explanatory words. These factors lead to variations that appear contradictory.<\/p>\n<ol start=\"6\">\n<li><strong> Distribution of Knowledge Among the Companions<\/strong><\/li>\n<\/ol>\n<p>Different Companions witnessed different events; some heard the earlier form of a ruling, others the later form. This explains conflicting reports.<\/p>\n<ol start=\"7\">\n<li><strong> The Principle That the Sunnah Is Preserved Within the Entire Community<\/strong><\/li>\n<\/ol>\n<p>No individual can encompass the whole Sunnah, but the community collectively preserves it. This principle forms the basis of consensus.<\/p>\n<ol start=\"8\">\n<li><strong> Conflicting Reports and Criteria of Preference<\/strong><\/li>\n<\/ol>\n<p>Two authentic reports may contradict, and their chronology may be unknown. In such cases jurists apply methods of preference. Without legal theory, this appears arbitrary.<\/p>\n<ol start=\"9\">\n<li><strong> The Issue of Inconsistency in Applying Analogy<\/strong><\/li>\n<\/ol>\n<p>Some reports are used as bases for analogy while others are not. Without legal methodology, this seems inconsistent, though it is not.<\/p>\n<ol start=\"10\">\n<li><strong> Partial Transmission by Companions and Its Consequences<\/strong><\/li>\n<\/ol>\n<p>Some Companions heard only part of a prophetic ruling; missing the context or later clarification could lead to misinterpretation.<\/p>\n<ol start=\"11\">\n<li><strong> The Probabilistic Nature of Reports and Interpretive Errors<\/strong><\/li>\n<\/ol>\n<p>Solitary reports are inherently probabilistic. A jurist may err due to incomplete information, but such mistakes are unintentional and not sinful.<\/p>\n<ol start=\"12\">\n<li><strong> Essential Religious Knowledge and the Infallibility of the Ummah<\/strong><\/li>\n<\/ol>\n<p>Core religious principles are preserved by the entire community, preventing disagreement in these areas. Differences arise only in secondary matters.<\/p>\n<ol start=\"13\">\n<li><strong> Principles of the Sunnah\u2013Qur\u2019an Relationship and Specification<\/strong><\/li>\n<\/ol>\n<p>As in the theft punishment example, the Sunnah may narrow a general Qur\u2019anic statement. This is not contradiction but specification.<\/p>\n<ol start=\"14\">\n<li><strong> Wiping Over Footgear and Early Period Hesitations<\/strong><\/li>\n<\/ol>\n<p>Though the Qur\u2019an does not mention wiping over footgear, the Sunnah permits it. Early Muslims debated such issues until principles were systematized.<\/p>\n<p><strong>Conclusion<\/strong><\/p>\n<p>This seminar shows that apparent disorder in the Sunnah results from the natural diversity of transmission; that variations arise from context loss and partial reporting; that solitary reports are probabilistic but usable with methodological constraints; and that, for Sh\u0101fi\u02bf\u012b, the full preservation of Sunnah knowledge lies not in individuals but in the community as a whole, forming the basis of consensus and beyan theory.<\/p>\n<p>&nbsp;<\/p>\n","protected":false},"excerpt":{"rendered":"<p>ABDURRAH\u0130M KOZALI, E\u015e-\u015e\u00c2F\u0130\u00ce, ER-R\u0130S\u00c2LE 9. SEM\u0130NER \u00d6ZET\u0130 Seminerin Amac\u0131 Bu [&hellip;]<\/p>\n","protected":false},"author":1,"featured_media":0,"parent":0,"menu_order":0,"comment_status":"closed","ping_status":"closed","template":"","meta":{"footnotes":""},"class_list":["post-8587","page","type-page","status-publish","hentry"],"jetpack_sharing_enabled":true,"_links":{"self":[{"href":"https:\/\/klasikdusunceokulu.com\/index.php\/wp-json\/wp\/v2\/pages\/8587","targetHints":{"allow":["GET"]}}],"collection":[{"href":"https:\/\/klasikdusunceokulu.com\/index.php\/wp-json\/wp\/v2\/pages"}],"about":[{"href":"https:\/\/klasikdusunceokulu.com\/index.php\/wp-json\/wp\/v2\/types\/page"}],"author":[{"embeddable":true,"href":"https:\/\/klasikdusunceokulu.com\/index.php\/wp-json\/wp\/v2\/users\/1"}],"replies":[{"embeddable":true,"href":"https:\/\/klasikdusunceokulu.com\/index.php\/wp-json\/wp\/v2\/comments?post=8587"}],"version-history":[{"count":1,"href":"https:\/\/klasikdusunceokulu.com\/index.php\/wp-json\/wp\/v2\/pages\/8587\/revisions"}],"predecessor-version":[{"id":8588,"href":"https:\/\/klasikdusunceokulu.com\/index.php\/wp-json\/wp\/v2\/pages\/8587\/revisions\/8588"}],"wp:attachment":[{"href":"https:\/\/klasikdusunceokulu.com\/index.php\/wp-json\/wp\/v2\/media?parent=8587"}],"curies":[{"name":"wp","href":"https:\/\/api.w.org\/{rel}","templated":true}]}}