{"id":8592,"date":"2025-12-01T22:00:42","date_gmt":"2025-12-01T19:00:42","guid":{"rendered":"https:\/\/klasikdusunceokulu.com\/?page_id=8592"},"modified":"2025-12-01T22:00:42","modified_gmt":"2025-12-01T19:00:42","slug":"hayrettin-nebi-gudekli-cuveyni-kitabul-irsad","status":"publish","type":"page","link":"https:\/\/klasikdusunceokulu.com\/index.php\/hayrettin-nebi-gudekli-cuveyni-kitabul-irsad\/","title":{"rendered":"HAYRETT\u0130N NEB\u0130 G\u00dcDEKL\u0130, C\u00dcVEYN\u0130, K\u0130TAB\u00dc&#8217;L-\u0130R\u015eAD"},"content":{"rendered":"<p><a href=\"https:\/\/klasikdusunceokulu.com\/index.php\/hayrettin-nebi-gudekli-cuveyni-kitabul-irsad-1-seminer-ozeti\/\"><span style=\"color: #3b5160;\"><strong>HAYRETT\u0130N NEB\u0130 G\u00dcDEKL\u0130, C\u00dcVEYN\u0130, K\u0130TAB\u00dc&#8217;L-\u0130R\u015eAD 1. SEM\u0130NER \u00d6ZET\u0130<\/strong><\/span><\/a><\/p>\n<p><a href=\"https:\/\/klasikdusunceokulu.com\/index.php\/hayrettin-nebi-gudekli-cuveyni-kitabul-irsad-2-seminer-ozeti\/\"><span style=\"color: #3b5160;\"><strong>HAYRETT\u0130N NEB\u0130 G\u00dcDEKL\u0130, C\u00dcVEYN\u0130, K\u0130TAB\u00dc&#8217;L-\u0130R\u015eAD 2. SEM\u0130NER \u00d6ZET\u0130<\/strong><\/span><\/a><\/p>\n<p><a href=\"https:\/\/klasikdusunceokulu.com\/index.php\/hayrettin-nebi-gudekli-cuveyni-kitabul-irsad-3-seminer-ozeti\/\"><span style=\"color: #3b5160;\"><strong>HAYRETT\u0130N NEB\u0130 G\u00dcDEKL\u0130, C\u00dcVEYN\u0130, K\u0130TAB\u00dc&#8217;L-\u0130R\u015eAD 3. SEM\u0130NER \u00d6ZET\u0130<\/strong><\/span><\/a><\/p>\n<p><a href=\"https:\/\/klasikdusunceokulu.com\/index.php\/hayrettin-nebi-gudekli-cuveyni-kitabul-irsad-4-seminer-ozeti\/\"><span style=\"color: #3b5160;\"><strong>HAYRETT\u0130N NEB\u0130 G\u00dcDEKL\u0130, C\u00dcVEYN\u0130, K\u0130TAB\u00dc&#8217;L-\u0130R\u015eAD 4. SEM\u0130NER \u00d6ZET\u0130<\/strong><\/span><\/a><\/p>\n<p><a href=\"https:\/\/klasikdusunceokulu.com\/index.php\/hayrettin-nebi-gudekli-cuveyni-kitabul-irsad-5-seminer-ozeti\/\"><span style=\"color: #3b5160;\"><strong>HAYRETT\u0130N NEB\u0130 G\u00dcDEKL\u0130, C\u00dcVEYN\u0130, K\u0130TAB\u00dc&#8217;L-\u0130R\u015eAD 5. SEM\u0130NER \u00d6ZET\u0130<\/strong><\/span><\/a><\/p>\n","protected":false},"excerpt":{"rendered":"<p>HAYRETT\u0130N NEB\u0130 G\u00dcDEKL\u0130, C\u00dcVEYN\u0130, K\u0130TAB\u00dc&#8217;L-\u0130R\u015eAD 1. SEM\u0130NER \u00d6ZET\u0130 HAYRETT\u0130N NEB\u0130 [&hellip;]<\/p>\n","protected":false},"author":1,"featured_media":0,"parent":0,"menu_order":0,"comment_status":"closed","ping_status":"closed","template":"","meta":{"footnotes":""},"class_list":["post-8592","page","type-page","status-publish","hentry"],"jetpack_sharing_enabled":true,"_links":{"self":[{"href":"https:\/\/klasikdusunceokulu.com\/index.php\/wp-json\/wp\/v2\/pages\/8592","targetHints":{"allow":["GET"]}}],"collection":[{"href":"https:\/\/klasikdusunceokulu.com\/index.php\/wp-json\/wp\/v2\/pages"}],"about":[{"href":"https:\/\/klasikdusunceokulu.com\/index.php\/wp-json\/wp\/v2\/types\/page"}],"author":[{"embeddable":true,"href":"https:\/\/klasikdusunceokulu.com\/index.php\/wp-json\/wp\/v2\/users\/1"}],"replies":[{"embeddable":true,"href":"https:\/\/klasikdusunceokulu.com\/index.php\/wp-json\/wp\/v2\/comments?post=8592"}],"version-history":[{"count":1,"href":"https:\/\/klasikdusunceokulu.com\/index.php\/wp-json\/wp\/v2\/pages\/8592\/revisions"}],"predecessor-version":[{"id":8603,"href":"https:\/\/klasikdusunceokulu.com\/index.php\/wp-json\/wp\/v2\/pages\/8592\/revisions\/8603"}],"wp:attachment":[{"href":"https:\/\/klasikdusunceokulu.com\/index.php\/wp-json\/wp\/v2\/media?parent=8592"}],"curies":[{"name":"wp","href":"https:\/\/api.w.org\/{rel}","templated":true}]}}