{"id":8609,"date":"2025-12-01T22:03:19","date_gmt":"2025-12-01T19:03:19","guid":{"rendered":"https:\/\/klasikdusunceokulu.com\/?page_id=8609"},"modified":"2025-12-01T22:03:19","modified_gmt":"2025-12-01T19:03:19","slug":"osman-demir-cuveyni-kitabul-irsad-3-seminer-ozeti","status":"publish","type":"page","link":"https:\/\/klasikdusunceokulu.com\/index.php\/osman-demir-cuveyni-kitabul-irsad-3-seminer-ozeti\/","title":{"rendered":"OSMAN DEM\u0130R, C\u00dcVEYN\u0130, K\u0130TAB\u00dc&#8217;L-\u0130R\u015eAD 3. SEM\u0130NER \u00d6ZET\u0130"},"content":{"rendered":"<p><strong>OSMAN DEM\u0130R, C\u00dcVEYN\u0130, K\u0130TAB\u00dc&#8217;L-\u0130R\u015eAD 3. SEM\u0130NER \u00d6ZET\u0130<\/strong><\/p>\n<p><strong>Dersin Amac\u0131<\/strong><\/p>\n<p>Bu dersin amac\u0131, ilahi s\u0131fatlar\u0131n mahiyeti, zat\u2013s\u0131fat ili\u015fkisi, zat\u00ee\u2013manev\u00ee s\u0131fat ayr\u0131m\u0131, muhal s\u0131fatlar\u0131n belirlenmesi ve tevil y\u00f6nteminin zorunlulu\u011fu gibi konular\u0131n kel\u00e2m sistemindeki yerini a\u00e7\u0131klamakt\u0131r.<\/p>\n<p><strong>Ana Temalar<\/strong><\/p>\n<ol>\n<li><strong> \u0130lahi S\u0131fatlar\u0131n Temel Tasnifi<\/strong><\/li>\n<\/ol>\n<p>C\u00fcveyn\u00ee s\u0131fatlar\u0131 vacip, m\u00fcmk\u00fcn ve muhal kategorileri i\u00e7inde de\u011ferlendirir. Zat\u00ee ve manevi s\u0131fat ayr\u0131m\u0131 bu temelin \u00fczerine kuruludur. Zat\u00ee s\u0131fatlar zattan ayr\u0131lmas\u0131 m\u00fcmk\u00fcn olmayan niteliklerdir; manevi s\u0131fatlar ise zatta bulunan bir m\u00e2naya ba\u011fl\u0131 olarak ortaya \u00e7\u0131kan s\u0131fatlard\u0131r.<\/p>\n<ol start=\"2\">\n<li><strong> Vacip S\u0131fatlar\u0131n Yap\u0131s\u0131<\/strong><\/li>\n<\/ol>\n<p>Vacip s\u0131fatlar zat\u00ee ve manevi olarak ikiye ayr\u0131l\u0131r. Zat\u00ee s\u0131fatlar illetsizdir ve varl\u0131\u011f\u0131 zat\u0131n gere\u011fidir. Manevi s\u0131fatlar ise zatta bulunan bir anlam\u0131n gere\u011fi olarak bulunur. C\u00fcveyn\u00ee manevi s\u0131fatlar\u0131 isimler \u00fczerinden temellendirir ve isim\u2013s\u0131fat ili\u015fkisinin \u00f6nemini vurgular.<\/p>\n<ol start=\"3\">\n<li><strong> Zat\u00ee S\u0131fatlar\u0131n \u0130\u00e7eri\u011fi<\/strong><\/li>\n<\/ol>\n<p>K\u0131dem, bek\u00e2, vahdaniyet, muhalefet\u00fcn lil-havadis ve k\u0131yam binefsih\u00ee zat\u00ee s\u0131fatlar olarak ele al\u0131n\u0131r. Bu s\u0131fatlar\u0131n her biri akl\u00ee delillerle temellendirilir. K\u0131dem tesels\u00fcl\u00fcn imk\u00e2ns\u0131zl\u0131\u011f\u0131na, k\u0131yam binefsih\u00ee ise Allah\u2019\u0131n varl\u0131\u011f\u0131n\u0131n herhangi bir mahal veya muhdis ile ili\u015fkilendirilemeyece\u011fine dayan\u0131r.<\/p>\n<ol start=\"4\">\n<li><strong> Manev\u00ee S\u0131fatlar\u0131n Mahiyeti<\/strong><\/li>\n<\/ol>\n<p>Hayat, ilim, irade, kudret, sem\u2018, basar ve kelam manevi s\u0131fatlard\u0131r. Bu s\u0131fatlar zatta bulunan anlamlar\u0131n zorunlu sonu\u00e7lar\u0131d\u0131r. C\u00fcveyn\u00ee bu s\u0131fatlar\u0131n varl\u0131\u011f\u0131n\u0131 cevher\u2013araz ayr\u0131m\u0131yla benzerlik kurarak a\u00e7\u0131klar fakat Allah\u2019\u0131n s\u0131fatlar\u0131n\u0131n yarat\u0131lm\u0131\u015flar\u0131n s\u0131fatlar\u0131yla ayn\u0131 mahiyette olmad\u0131\u011f\u0131n\u0131 kesin olarak belirtir.<\/p>\n<ol start=\"5\">\n<li><strong> Muhal S\u0131fatlar ve Tenzih \u0130lkesi<\/strong><\/li>\n<\/ol>\n<p>Cisim olmak, mek\u00e2nda bulunmak, y\u00f6nde bulunmak, m\u00fctehayyiz olmak ve bile\u015fik olmak gibi nitelikler Allah hakk\u0131nda muhaldir. Bu niteliklerin Allah\u2019a nispeti te\u015fbihe yol a\u00e7aca\u011f\u0131ndan reddedilir. Ha\u015fviyye ve Kerr\u00e2miyye gibi f\u0131rkalar\u0131n Allah\u2019a cihet nispet eden g\u00f6r\u00fc\u015fleri bu nedenle ele\u015ftirilir.<\/p>\n<ol start=\"6\">\n<li><strong> Tevilin Gereklili\u011fi<\/strong><\/li>\n<\/ol>\n<p>\u0130stiva, n\u00fczul gibi te\u015fbih ihtimali ta\u015f\u0131yan nasslar\u0131n zahiri anlam\u0131yla anla\u015f\u0131lmas\u0131 tecsime yol a\u00e7aca\u011f\u0131ndan tevil zorunlu kabul edilir. Tevil nass\u0131 bozmaz; aksine s\u0131fatlar\u0131n tenzih \u00e7er\u00e7evesinde do\u011fru anla\u015f\u0131lmas\u0131n\u0131 sa\u011flar. C\u00fcveyn\u00ee istivay\u0131 galebe ve h\u00fck\u00fcmranl\u0131k anlam\u0131nda yorumlar.<\/p>\n<ol start=\"7\">\n<li><strong> Kelam ve \u0130rade S\u0131fatlar\u0131n\u0131n Konumu<\/strong><\/li>\n<\/ol>\n<p>Kelam s\u0131fat\u0131 Halku\u2019l-Kur\u2019\u00e2n tart\u0131\u015fmalar\u0131n\u0131n merkezinde yer ald\u0131\u011f\u0131 i\u00e7in \u00f6zel \u00f6nem ta\u015f\u0131r. \u0130rade s\u0131fat\u0131 ise Mu\u2018tezile, Necc\u00e2riyye ve Kerr\u00e2miyye\u2019nin farkl\u0131 g\u00f6r\u00fc\u015fler ileri s\u00fcrd\u00fc\u011f\u00fc bir aland\u0131r. Bu s\u0131fatlar\u0131n zatla ili\u015fkisi, taalluk meselesi ve fiil\u2013s\u0131fat ayr\u0131m\u0131 ba\u011flam\u0131nda de\u011ferlendirilir.<\/p>\n<p><strong>Sonu\u00e7<\/strong><\/p>\n<p>Bu derste ilahi s\u0131fatlar\u0131n zat\u00ee\u2013manev\u00ee ayr\u0131m\u0131, muhal s\u0131fatlar\u0131n belirlenmesi, tevilin zorunlulu\u011fu ve Ehl-i S\u00fcnnet ile Mu\u2018tezile aras\u0131ndaki temel g\u00f6r\u00fc\u015f ayr\u0131l\u0131klar\u0131 a\u00e7\u0131klanm\u0131\u015ft\u0131r. C\u00fcveyn\u00ee\u2019nin s\u0131fat anlay\u0131\u015f\u0131 kel\u00e2m\u0131n teorik \u00e7er\u00e7evesini sistemli bir b\u00fct\u00fcn h\u00e2line getirmektedir.<\/p>\n<p>&nbsp;<\/p>\n<p><strong>Purpose of the Lesson<\/strong><\/p>\n<p>The purpose of this lesson is to explain the place of topics such as the nature of divine attributes, the relation between essence and attributes, the distinction between essential and qualitative attributes, the identification of impossible attributes, and the necessity of interpretation within the kal\u0101m system.<\/p>\n<p><strong>Main Themes<\/strong><\/p>\n<ol>\n<li><strong> The Fundamental Classification of Divine Attributes<\/strong><\/li>\n<\/ol>\n<p>C\u016bwayn\u012b evaluates the attributes within the categories of necessary, possible and impossible. The distinction between essential and qualitative attributes is built upon this foundation. Essential attributes are those that cannot be separated from the essence; qualitative attributes are those that arise from a meaning existing within the essence.<\/p>\n<ol start=\"2\">\n<li><strong> The Structure of Necessary Attributes<\/strong><\/li>\n<\/ol>\n<p>Necessary attributes are divided into essential and qualitative. Essential attributes are without cause and are required by the divine essence. Qualitative attributes exist due to a meaning within the essence. C\u016bwayn\u012b grounds qualitative attributes through names and emphasizes the relation between name and attribute.<\/p>\n<ol start=\"3\">\n<li><strong> The Content of Essential Attributes<\/strong><\/li>\n<\/ol>\n<p>Pre-eternity, post-eternity, oneness, absolute dissimilarity from created beings, and self-subsistence are treated as essential attributes. Each of these attributes is established through rational proofs. Pre-eternity is proven through the impossibility of infinite regress; self-subsistence is explained through the impossibility of God\u2019s dependence on any locus or agent.<\/p>\n<ol start=\"4\">\n<li><strong> The Nature of Qualitative Attributes<\/strong><\/li>\n<\/ol>\n<p>Life, knowledge, will, power, hearing, sight and speech are qualitative attributes. These attributes arise from meanings necessarily found within the essence. Although analogies such as substance\u2013accident are employed for explanation, C\u016bwayn\u012b stresses that divine attributes do not share the same nature as created attributes.<\/p>\n<ol start=\"5\">\n<li><strong> Impossible Attributes and the Principle of Transcendence<\/strong><\/li>\n<\/ol>\n<p>Attributes such as corporeality, spatial location, direction, composition and being confined by space are impossible for God. Attributing such qualities leads to anthropomorphism; therefore they are negated. Schools like the Hashwiyya and Karr\u0101miyya that ascribe direction to God are criticized.<\/p>\n<ol start=\"6\">\n<li><strong> The Necessity of Interpretation<\/strong><\/li>\n<\/ol>\n<p>Texts that carry the possibility of anthropomorphism, such as those mentioning <em>istiw\u0101<\/em><em>\u02be<\/em> or descent, must be interpreted. Interpretation does not distort the revealed text; instead, it protects doctrinal integrity. C\u016bwayn\u012b interprets <em>istiw\u0101<\/em><em>\u02be<\/em> as dominance and sovereignty.<\/p>\n<ol start=\"7\">\n<li><strong> The Position of the Attributes of Speech and Will<\/strong><\/li>\n<\/ol>\n<p>The attribute of speech is central to the discussion on the Createdness of the Qur\u02be\u0101n. The attribute of will stands at the center of major doctrinal disagreements. These attributes are examined in relation to the divine essence, the issue of relational attachment, and the distinction between act and attribute.<\/p>\n<p><strong>Conclusion<\/strong><\/p>\n<p>This lesson explains the distinction between essential and qualitative attributes, the role of impossible attributes in divine transcendence, the necessity of interpretation, and the main differences between Sunn\u012b theology and the Mu\u02bftazila. C\u016bwayn\u012b\u2019s theory of attributes provides a systematic framework for classical kal\u0101m.<\/p>\n<p>&nbsp;<\/p>\n","protected":false},"excerpt":{"rendered":"<p>OSMAN DEM\u0130R, C\u00dcVEYN\u0130, K\u0130TAB\u00dc&#8217;L-\u0130R\u015eAD 3. SEM\u0130NER \u00d6ZET\u0130 Dersin Amac\u0131 Bu [&hellip;]<\/p>\n","protected":false},"author":1,"featured_media":0,"parent":0,"menu_order":0,"comment_status":"closed","ping_status":"closed","template":"","meta":{"footnotes":""},"class_list":["post-8609","page","type-page","status-publish","hentry"],"jetpack_sharing_enabled":true,"_links":{"self":[{"href":"https:\/\/klasikdusunceokulu.com\/index.php\/wp-json\/wp\/v2\/pages\/8609","targetHints":{"allow":["GET"]}}],"collection":[{"href":"https:\/\/klasikdusunceokulu.com\/index.php\/wp-json\/wp\/v2\/pages"}],"about":[{"href":"https:\/\/klasikdusunceokulu.com\/index.php\/wp-json\/wp\/v2\/types\/page"}],"author":[{"embeddable":true,"href":"https:\/\/klasikdusunceokulu.com\/index.php\/wp-json\/wp\/v2\/users\/1"}],"replies":[{"embeddable":true,"href":"https:\/\/klasikdusunceokulu.com\/index.php\/wp-json\/wp\/v2\/comments?post=8609"}],"version-history":[{"count":1,"href":"https:\/\/klasikdusunceokulu.com\/index.php\/wp-json\/wp\/v2\/pages\/8609\/revisions"}],"predecessor-version":[{"id":8610,"href":"https:\/\/klasikdusunceokulu.com\/index.php\/wp-json\/wp\/v2\/pages\/8609\/revisions\/8610"}],"wp:attachment":[{"href":"https:\/\/klasikdusunceokulu.com\/index.php\/wp-json\/wp\/v2\/media?parent=8609"}],"curies":[{"name":"wp","href":"https:\/\/api.w.org\/{rel}","templated":true}]}}