{"id":8649,"date":"2025-12-01T22:19:47","date_gmt":"2025-12-01T19:19:47","guid":{"rendered":"https:\/\/klasikdusunceokulu.com\/?page_id=8649"},"modified":"2025-12-01T22:19:47","modified_gmt":"2025-12-01T19:19:47","slug":"harun-kuslukatibi-semsiyye","status":"publish","type":"page","link":"https:\/\/klasikdusunceokulu.com\/index.php\/harun-kuslukatibi-semsiyye\/","title":{"rendered":"HARUN KU\u015eLU,K\u00c2T\u0130B\u00ce, \u015eEMS\u0130YYE"},"content":{"rendered":"<p><a href=\"https:\/\/klasikdusunceokulu.com\/index.php\/harun-kuslukatibi-semsiyye-1-seminer-ozeti\/\"><strong><span style=\"color: #3b5160;\">HARUN KU\u015eLU,K\u00c2T\u0130B\u00ce, \u015eEMS\u0130YYE 1. SEM\u0130NER \u00d6ZET\u0130<\/span><\/strong><\/a><\/p>\n<p><a href=\"https:\/\/klasikdusunceokulu.com\/index.php\/harun-kuslukatibi-semsiyye-2-seminer-ozeti\/\"><strong><span style=\"color: #3b5160;\">HARUN KU\u015eLU,K\u00c2T\u0130B\u00ce, \u015eEMS\u0130YYE 2. SEM\u0130NER \u00d6ZET\u0130<\/span><\/strong><\/a><\/p>\n<p><a href=\"https:\/\/klasikdusunceokulu.com\/index.php\/harun-kuslukatibi-semsiyye-3-seminer-ozeti\/\"><strong><span style=\"color: #3b5160;\">HARUN KU\u015eLU,K\u00c2T\u0130B\u00ce, \u015eEMS\u0130YYE 3. SEM\u0130NER \u00d6ZET\u0130<\/span><\/strong><\/a><\/p>\n<p><a href=\"https:\/\/klasikdusunceokulu.com\/index.php\/harun-kuslukatibi-semsiyye-4-seminer-ozeti\/\"><strong><span style=\"color: #3b5160;\">HARUN KU\u015eLU,K\u00c2T\u0130B\u00ce, \u015eEMS\u0130YYE 4. SEM\u0130NER \u00d6ZET\u0130<\/span><\/strong><\/a><\/p>\n<p><a href=\"https:\/\/klasikdusunceokulu.com\/index.php\/harun-kuslukatibi-semsiyye-5-seminer-ozeti\/\"><strong><span style=\"color: #3b5160;\">HARUN KU\u015eLU,K\u00c2T\u0130B\u00ce, \u015eEMS\u0130YYE 5. SEM\u0130NER \u00d6ZET\u0130<\/span><\/strong><\/a><\/p>\n<p><a href=\"https:\/\/klasikdusunceokulu.com\/index.php\/harun-kuslukatibi-semsiyye-6-seminer-ozeti\/\"><strong><span style=\"color: #3b5160;\">HARUN KU\u015eLU,K\u00c2T\u0130B\u00ce, \u015eEMS\u0130YYE 6. SEM\u0130NER \u00d6ZET\u0130<\/span><\/strong><\/a><\/p>\n<p><a href=\"https:\/\/klasikdusunceokulu.com\/index.php\/harun-kuslukatibi-semsiyye-7-seminer-ozeti\/\"><strong><span style=\"color: #3b5160;\">HARUN KU\u015eLU,K\u00c2T\u0130B\u00ce, \u015eEMS\u0130YYE 7. SEM\u0130NER \u00d6ZET\u0130<\/span><\/strong><\/a><\/p>\n<p>&nbsp;<\/p>\n","protected":false},"excerpt":{"rendered":"<p>HARUN KU\u015eLU,K\u00c2T\u0130B\u00ce, \u015eEMS\u0130YYE 1. SEM\u0130NER \u00d6ZET\u0130 HARUN KU\u015eLU,K\u00c2T\u0130B\u00ce, \u015eEMS\u0130YYE 2. [&hellip;]<\/p>\n","protected":false},"author":1,"featured_media":0,"parent":0,"menu_order":0,"comment_status":"closed","ping_status":"closed","template":"","meta":{"footnotes":""},"class_list":["post-8649","page","type-page","status-publish","hentry"],"jetpack_sharing_enabled":true,"_links":{"self":[{"href":"https:\/\/klasikdusunceokulu.com\/index.php\/wp-json\/wp\/v2\/pages\/8649","targetHints":{"allow":["GET"]}}],"collection":[{"href":"https:\/\/klasikdusunceokulu.com\/index.php\/wp-json\/wp\/v2\/pages"}],"about":[{"href":"https:\/\/klasikdusunceokulu.com\/index.php\/wp-json\/wp\/v2\/types\/page"}],"author":[{"embeddable":true,"href":"https:\/\/klasikdusunceokulu.com\/index.php\/wp-json\/wp\/v2\/users\/1"}],"replies":[{"embeddable":true,"href":"https:\/\/klasikdusunceokulu.com\/index.php\/wp-json\/wp\/v2\/comments?post=8649"}],"version-history":[{"count":1,"href":"https:\/\/klasikdusunceokulu.com\/index.php\/wp-json\/wp\/v2\/pages\/8649\/revisions"}],"predecessor-version":[{"id":8664,"href":"https:\/\/klasikdusunceokulu.com\/index.php\/wp-json\/wp\/v2\/pages\/8649\/revisions\/8664"}],"wp:attachment":[{"href":"https:\/\/klasikdusunceokulu.com\/index.php\/wp-json\/wp\/v2\/media?parent=8649"}],"curies":[{"name":"wp","href":"https:\/\/api.w.org\/{rel}","templated":true}]}}