{"id":8677,"date":"2025-12-01T22:37:03","date_gmt":"2025-12-01T19:37:03","guid":{"rendered":"https:\/\/klasikdusunceokulu.com\/?page_id=8677"},"modified":"2025-12-01T22:37:03","modified_gmt":"2025-12-01T19:37:03","slug":"mehmet-olmez-kok-turk-yazitlari-kul-tigin-okumalari","status":"publish","type":"page","link":"https:\/\/klasikdusunceokulu.com\/index.php\/mehmet-olmez-kok-turk-yazitlari-kul-tigin-okumalari\/","title":{"rendered":"MEHMET \u00d6LMEZ, K\u00d6K T\u00dcRK YAZITLARI: K\u00dcL T\u0130G\u0130N OKUMALARI"},"content":{"rendered":"<p><a href=\"https:\/\/klasikdusunceokulu.com\/index.php\/mehmet-olmez-kok-turk-yazitlari-kul-tigin-okumalari-1-seminer-ozeti\/\"><strong><span style=\"color: #3b5160;\">MEHMET \u00d6LMEZ, K\u00d6K T\u00dcRK YAZITLARI: K\u00dcL T\u0130G\u0130N OKUMALARI 1. SEM\u0130NER \u00d6ZET\u0130<\/span><\/strong><\/a><\/p>\n<p><a href=\"https:\/\/klasikdusunceokulu.com\/index.php\/mehmet-olmez-kok-turk-yazitlari-kul-tigin-okumalari-2-seminer-ozeti\/\"><strong><span style=\"color: #3b5160;\">MEHMET \u00d6LMEZ, K\u00d6K T\u00dcRK YAZITLARI: K\u00dcL T\u0130G\u0130N OKUMALARI 2. SEM\u0130NER \u00d6ZET\u0130<\/span><\/strong><\/a><\/p>\n<p><a href=\"https:\/\/klasikdusunceokulu.com\/index.php\/mehmet-olmez-kok-turk-yazitlari-kul-tigin-okumalari-3-seminer-ozeti\/\"><strong><span style=\"color: #3b5160;\">MEHMET \u00d6LMEZ, K\u00d6K T\u00dcRK YAZITLARI: K\u00dcL T\u0130G\u0130N OKUMALARI 3. SEM\u0130NER \u00d6ZET\u0130<\/span><\/strong><\/a><\/p>\n<p><a href=\"https:\/\/klasikdusunceokulu.com\/index.php\/mehmet-olmez-kok-turk-yazitlari-kul-tigin-okumalari-4-seminer-ozeti\/\"><strong><span style=\"color: #3b5160;\">MEHMET \u00d6LMEZ, K\u00d6K T\u00dcRK YAZITLARI: K\u00dcL T\u0130G\u0130N OKUMALARI 4. SEM\u0130NER \u00d6ZET\u0130<\/span><\/strong><\/a><\/p>\n<p><a href=\"https:\/\/klasikdusunceokulu.com\/index.php\/mehmet-olmez-kok-turk-yazitlari-kul-tigin-okumalari-5-seminer-ozeti\/\"><strong><span style=\"color: #3b5160;\">MEHMET \u00d6LMEZ, K\u00d6K T\u00dcRK YAZITLARI: K\u00dcL T\u0130G\u0130N OKUMALARI 5. SEM\u0130NER \u00d6ZET\u0130<\/span><\/strong><\/a><\/p>\n<p><a href=\"https:\/\/klasikdusunceokulu.com\/index.php\/mehmet-olmez-kok-turk-yazitlari-kul-tigin-okumalari-6-seminer-ozeti\/\"><strong><span style=\"color: #3b5160;\">MEHMET \u00d6LMEZ, K\u00d6K T\u00dcRK YAZITLARI: K\u00dcL T\u0130G\u0130N OKUMALARI 6. SEM\u0130NER \u00d6ZET\u0130<\/span><\/strong><\/a><\/p>\n<p><a href=\"https:\/\/klasikdusunceokulu.com\/index.php\/mehmet-olmez-kok-turk-yazitlari-kul-tigin-okumalari-7-seminer-ozeti\/\"><strong><span style=\"color: #3b5160;\">MEHMET \u00d6LMEZ, K\u00d6K T\u00dcRK YAZITLARI: K\u00dcL T\u0130G\u0130N OKUMALARI 7. SEM\u0130NER \u00d6ZET\u0130<\/span><\/strong><\/a><\/p>\n<p><a href=\"https:\/\/klasikdusunceokulu.com\/index.php\/mehmet-olmez-kok-turk-yazitlari-kul-tigin-okumalari-8-seminer-ozeti\/\"><strong><span style=\"color: #3b5160;\">MEHMET \u00d6LMEZ, K\u00d6K T\u00dcRK YAZITLARI: K\u00dcL T\u0130G\u0130N OKUMALARI 8. SEM\u0130NER \u00d6ZET\u0130<\/span><\/strong><\/a><\/p>\n<p><a href=\"https:\/\/klasikdusunceokulu.com\/index.php\/mehmet-olmez-kok-turk-yazitlari-kul-tigin-okumalari-9-seminer-ozeti\/\"><strong><span style=\"color: #3b5160;\">MEHMET \u00d6LMEZ, K\u00d6K T\u00dcRK YAZITLARI: K\u00dcL T\u0130G\u0130N OKUMALARI 9. SEM\u0130NER \u00d6ZET\u0130<\/span><\/strong><\/a><\/p>\n<p><a href=\"https:\/\/klasikdusunceokulu.com\/index.php\/mehmet-olmez-kok-turk-yazitlari-kul-tigin-okumalari-10-seminer-ozeti\/\"><strong><span style=\"color: #3b5160;\">MEHMET \u00d6LMEZ, K\u00d6K T\u00dcRK YAZITLARI: K\u00dcL T\u0130G\u0130N OKUMALARI 10. SEM\u0130NER \u00d6ZET\u0130<\/span><\/strong><\/a><\/p>\n<p><a href=\"https:\/\/klasikdusunceokulu.com\/index.php\/mehmet-olmez-kok-turk-yazitlari-kul-tigin-okumalari-11-seminer-ozeti\/\"><strong><span style=\"color: #3b5160;\">MEHMET \u00d6LMEZ, K\u00d6K T\u00dcRK YAZITLARI: K\u00dcL T\u0130G\u0130N OKUMALARI 11. SEM\u0130NER \u00d6ZET\u0130<\/span><\/strong><\/a><\/p>\n<p><a href=\"https:\/\/klasikdusunceokulu.com\/index.php\/mehmet-olmez-kok-turk-yazitlari-kul-tigin-okumalari-12-seminer-ozeti\/\"><strong><span style=\"color: #3b5160;\">MEHMET \u00d6LMEZ, K\u00d6K T\u00dcRK YAZITLARI: K\u00dcL T\u0130G\u0130N OKUMALARI 12. SEM\u0130NER \u00d6ZET\u0130<\/span><\/strong><\/a><\/p>\n<p><a href=\"https:\/\/klasikdusunceokulu.com\/index.php\/mehmet-olmez-kok-turk-yazitlari-kul-tigin-okumalari-13-seminer-ozeti\/\"><strong><span style=\"color: #3b5160;\">MEHMET \u00d6LMEZ, K\u00d6K T\u00dcRK YAZITLARI: K\u00dcL T\u0130G\u0130N OKUMALARI 13. SEM\u0130NER \u00d6ZET\u0130<\/span><\/strong><\/a><\/p>\n<p><a href=\"https:\/\/klasikdusunceokulu.com\/index.php\/mehmet-olmez-kok-turk-yazitlari-kul-tigin-okumalari-14-seminer-ozeti\/\"><strong><span style=\"color: #3b5160;\">MEHMET \u00d6LMEZ, K\u00d6K T\u00dcRK YAZITLARI: K\u00dcL T\u0130G\u0130N OKUMALARI 14. SEM\u0130NER \u00d6ZET\u0130<\/span><\/strong><\/a><\/p>\n<p><a href=\"https:\/\/klasikdusunceokulu.com\/index.php\/mehmet-olmez-kok-turk-yazitlari-kul-tigin-okumalari-15-seminer-ozeti\/\"><strong><span style=\"color: #3b5160;\">MEHMET \u00d6LMEZ, K\u00d6K T\u00dcRK YAZITLARI: K\u00dcL T\u0130G\u0130N OKUMALARI 15. SEM\u0130NER \u00d6ZET\u0130<\/span><\/strong><\/a><\/p>\n<p><a href=\"https:\/\/klasikdusunceokulu.com\/index.php\/mehmet-olmez-kok-turk-yazitlari-kul-tigin-okumalari-16-seminer-ozeti\/\"><strong><span style=\"color: #3b5160;\">MEHMET \u00d6LMEZ, K\u00d6K T\u00dcRK YAZITLARI: K\u00dcL T\u0130G\u0130N OKUMALARI 16. SEM\u0130NER \u00d6ZET\u0130<\/span><\/strong><\/a><\/p>\n<p><a href=\"https:\/\/klasikdusunceokulu.com\/index.php\/mehmet-olmez-kok-turk-yazitlari-kul-tigin-okumalari-17-seminer-ozeti\/\"><strong><span style=\"color: #3b5160;\">MEHMET \u00d6LMEZ, K\u00d6K T\u00dcRK YAZITLARI: K\u00dcL T\u0130G\u0130N OKUMALARI 17. SEM\u0130NER \u00d6ZET\u0130<\/span><\/strong><\/a><\/p>\n<p><a href=\"https:\/\/klasikdusunceokulu.com\/index.php\/mehmet-olmez-kok-turk-yazitlari-kul-tigin-okumalari-18-seminer-ozeti\/\"><strong><span style=\"color: #3b5160;\">MEHMET \u00d6LMEZ, K\u00d6K T\u00dcRK YAZITLARI: K\u00dcL T\u0130G\u0130N OKUMALARI 18. SEM\u0130NER \u00d6ZET\u0130<\/span><\/strong><\/a><\/p>\n<p><a href=\"https:\/\/klasikdusunceokulu.com\/index.php\/mehmet-olmez-kok-turk-yazitlari-kul-tigin-okumalari-19-seminer-ozeti\/\"><strong><span style=\"color: #3b5160;\">MEHMET \u00d6LMEZ, K\u00d6K T\u00dcRK YAZITLARI: K\u00dcL T\u0130G\u0130N OKUMALARI 19. SEM\u0130NER \u00d6ZET\u0130<\/span><\/strong><\/a><\/p>\n","protected":false},"excerpt":{"rendered":"<p>MEHMET \u00d6LMEZ, K\u00d6K T\u00dcRK YAZITLARI: K\u00dcL T\u0130G\u0130N OKUMALARI 1. SEM\u0130NER [&hellip;]<\/p>\n","protected":false},"author":1,"featured_media":0,"parent":0,"menu_order":0,"comment_status":"closed","ping_status":"closed","template":"","meta":{"footnotes":""},"class_list":["post-8677","page","type-page","status-publish","hentry"],"jetpack_sharing_enabled":true,"_links":{"self":[{"href":"https:\/\/klasikdusunceokulu.com\/index.php\/wp-json\/wp\/v2\/pages\/8677","targetHints":{"allow":["GET"]}}],"collection":[{"href":"https:\/\/klasikdusunceokulu.com\/index.php\/wp-json\/wp\/v2\/pages"}],"about":[{"href":"https:\/\/klasikdusunceokulu.com\/index.php\/wp-json\/wp\/v2\/types\/page"}],"author":[{"embeddable":true,"href":"https:\/\/klasikdusunceokulu.com\/index.php\/wp-json\/wp\/v2\/users\/1"}],"replies":[{"embeddable":true,"href":"https:\/\/klasikdusunceokulu.com\/index.php\/wp-json\/wp\/v2\/comments?post=8677"}],"version-history":[{"count":1,"href":"https:\/\/klasikdusunceokulu.com\/index.php\/wp-json\/wp\/v2\/pages\/8677\/revisions"}],"predecessor-version":[{"id":8716,"href":"https:\/\/klasikdusunceokulu.com\/index.php\/wp-json\/wp\/v2\/pages\/8677\/revisions\/8716"}],"wp:attachment":[{"href":"https:\/\/klasikdusunceokulu.com\/index.php\/wp-json\/wp\/v2\/media?parent=8677"}],"curies":[{"name":"wp","href":"https:\/\/api.w.org\/{rel}","templated":true}]}}